{"id":26,"date":"2016-06-25T10:46:20","date_gmt":"2016-06-25T08:46:20","guid":{"rendered":"http:\/\/www.baadholm.com\/?page_id=26"},"modified":"2019-03-15T15:56:40","modified_gmt":"2019-03-15T14:56:40","slug":"read-our-blog","status":"publish","type":"page","link":"http:\/\/www.baadholm.com\/?page_id=26","title":{"rendered":"Nyheter"},"content":{"rendered":"<p><img decoding=\"async\" loading=\"lazy\" class=\"alignnone size-full wp-image-371\" src=\"http:\/\/www.baadholm.com\/wp-content\/uploads\/2019\/03\/Natural-Antifungal-Foot-Spray.jpg\" alt=\"\" width=\"328\" height=\"502\" srcset=\"http:\/\/www.baadholm.com\/wp-content\/uploads\/2019\/03\/Natural-Antifungal-Foot-Spray.jpg 328w, http:\/\/www.baadholm.com\/wp-content\/uploads\/2019\/03\/Natural-Antifungal-Foot-Spray-196x300.jpg 196w\" sizes=\"(max-width: 328px) 100vw, 328px\" \/><\/p>\n<p>Vi har idag lanserat en ny produkt. Neat Feat Naturale Antifungal Foot Spray \u00e4r en helt naturbaserad produkt fr\u00e5n Neat Feat Ltd. Den ers\u00e4tter v\u00e5r tidigare produkt Athletic Foot Cream som kommer att g\u00e5 ur v\u00e5rt Fotv\u00e5rdsprogram.<\/p>\n<p>Ni hittar produkten i v\u00e5r Shop under produktkategori Svamp<\/p>\n","protected":false},"excerpt":{"rendered":"<p>Vi har idag lanserat en ny produkt. Neat Feat Naturale Antifungal Foot Spray \u00e4r en helt naturbaserad produkt fr\u00e5n Neat Feat Ltd. Den ers\u00e4tter v\u00e5r tidigare produkt Athletic Foot Cream som kommer att g\u00e5 ur v\u00e5rt Fotv\u00e5rdsprogram. Ni hittar produkten i v\u00e5r Shop under produktkategori Svamp<\/p>\n","protected":false},"author":1,"featured_media":0,"parent":0,"menu_order":0,"comment_status":"open","ping_status":"open","template":"","meta":[],"_links":{"self":[{"href":"http:\/\/www.baadholm.com\/index.php?rest_route=\/wp\/v2\/pages\/26"}],"collection":[{"href":"http:\/\/www.baadholm.com\/index.php?rest_route=\/wp\/v2\/pages"}],"about":[{"href":"http:\/\/www.baadholm.com\/index.php?rest_route=\/wp\/v2\/types\/page"}],"author":[{"embeddable":true,"href":"http:\/\/www.baadholm.com\/index.php?rest_route=\/wp\/v2\/users\/1"}],"replies":[{"embeddable":true,"href":"http:\/\/www.baadholm.com\/index.php?rest_route=%2Fwp%2Fv2%2Fcomments&post=26"}],"version-history":[{"count":9,"href":"http:\/\/www.baadholm.com\/index.php?rest_route=\/wp\/v2\/pages\/26\/revisions"}],"predecessor-version":[{"id":377,"href":"http:\/\/www.baadholm.com\/index.php?rest_route=\/wp\/v2\/pages\/26\/revisions\/377"}],"wp:attachment":[{"href":"http:\/\/www.baadholm.com\/index.php?rest_route=%2Fwp%2Fv2%2Fmedia&parent=26"}],"curies":[{"name":"wp","href":"https:\/\/api.w.org\/{rel}","templated":true}]}}