{"id":105,"date":"2016-06-21T19:59:41","date_gmt":"2016-06-21T17:59:41","guid":{"rendered":"http:\/\/www.baadholm.com\/?post_type=product&#038;p=105"},"modified":"2022-06-05T15:40:40","modified_gmt":"2022-06-05T13:40:40","slug":"foot-heel-balm","status":"publish","type":"product","link":"http:\/\/www.baadholm.com\/?product=foot-heel-balm","title":{"rendered":"Foot and Heel Balm 120 g"},"content":{"rendered":"<p><strong>Problem:<\/strong>\u00a0H\u00e4l och fotsprickor<\/p>\n<p><strong>L\u00f6sning:<\/strong> H\u00e4lens och fotens hud \u00e4r s\u00e4rskilt ben\u00e4gen att torka och sedan spricka vid f\u00f6rlust av naturligt urin\u00e4mne p g a<br \/>\nf\u00f6rlust av naturligt urin\u00e4mne p g a<br \/>\nkontakt med marken, friktionsskador och kontakt med<br \/>\nvatten. Neat Feat Foot and Heel Balm inneh\u00e5ller urin\u00e4mne<br \/>\nvilket \u00e5teruppr\u00e4ttar den naturliga balansen p\u00e5 det angripna<br \/>\nomr\u00e5det. Den har ocks\u00e5 keratolytiska egenskaper (Medel som mjukar upp) som<br \/>\np\u00e5skyndar\u00a0nedbrytningen och avl\u00e4gsnandet av torr, flagig hud. Kr\u00e4men inneh\u00e5ller<br \/>\nocks\u00e5 lanolin och petrolatum som verkar med hudens naturliga<br \/>\nlipidsystem f\u00f6r att f\u00f6rhindra framtida torr och str\u00e4v hud.<\/p>\n","protected":false},"excerpt":{"rendered":"<p>Problem:\u00a0H\u00e4l och fotsprickor L\u00f6sning: H\u00e4lens och fotens hud \u00e4r s\u00e4rskilt ben\u00e4gen att torka och sedan spricka vid f\u00f6rlust av naturligt urin\u00e4mne p g a f\u00f6rlust av naturligt urin\u00e4mne p g a kontakt med marken, friktionsskador och kontakt med vatten. Neat Feat Foot and Heel Balm inneh\u00e5ller urin\u00e4mne vilket \u00e5teruppr\u00e4ttar den naturliga balansen p\u00e5 det angripna [&hellip;]<\/p>\n","protected":false},"featured_media":229,"comment_status":"closed","ping_status":"closed","template":"","meta":[],"product_cat":[11],"product_tag":[],"_links":{"self":[{"href":"http:\/\/www.baadholm.com\/index.php?rest_route=\/wp\/v2\/product\/105"}],"collection":[{"href":"http:\/\/www.baadholm.com\/index.php?rest_route=\/wp\/v2\/product"}],"about":[{"href":"http:\/\/www.baadholm.com\/index.php?rest_route=\/wp\/v2\/types\/product"}],"replies":[{"embeddable":true,"href":"http:\/\/www.baadholm.com\/index.php?rest_route=%2Fwp%2Fv2%2Fcomments&post=105"}],"wp:featuredmedia":[{"embeddable":true,"href":"http:\/\/www.baadholm.com\/index.php?rest_route=\/wp\/v2\/media\/229"}],"wp:attachment":[{"href":"http:\/\/www.baadholm.com\/index.php?rest_route=%2Fwp%2Fv2%2Fmedia&parent=105"}],"wp:term":[{"taxonomy":"product_cat","embeddable":true,"href":"http:\/\/www.baadholm.com\/index.php?rest_route=%2Fwp%2Fv2%2Fproduct_cat&post=105"},{"taxonomy":"product_tag","embeddable":true,"href":"http:\/\/www.baadholm.com\/index.php?rest_route=%2Fwp%2Fv2%2Fproduct_tag&post=105"}],"curies":[{"name":"wp","href":"https:\/\/api.w.org\/{rel}","templated":true}]}}