{"id":204,"date":"2016-07-19T11:41:16","date_gmt":"2016-07-19T09:41:16","guid":{"rendered":"http:\/\/www.baadholm.com\/?post_type=product&#038;p=204"},"modified":"2025-10-21T06:58:43","modified_gmt":"2025-10-21T04:58:43","slug":"face-saver","status":"publish","type":"product","link":"http:\/\/www.baadholm.com\/?product=face-saver","title":{"rendered":"Face Saver"},"content":{"rendered":"<p><strong>Problem:<\/strong> \u00d6verdriven ansiktssvett.<\/p>\n<p><strong>L\u00f6sning:<\/strong> Face Saver \u00e4r en kr\u00e4m som f\u00f6rhindrar att ansiktssvett uppst\u00e5r.<br \/>\nVar noga med att inte f\u00e5 kr\u00e4men i \u00f6gon och p\u00e5 l\u00e4ppar. Make up och<br \/>\nsolskyddsfaktor kan l\u00e4ggas p\u00e5 efter att man anv\u00e4nt kr\u00e4men.<\/p>\n","protected":false},"excerpt":{"rendered":"<p>Problem: \u00d6verdriven ansiktssvett. L\u00f6sning: Face Saver \u00e4r en kr\u00e4m som f\u00f6rhindrar att ansiktssvett uppst\u00e5r. Var noga med att inte f\u00e5 kr\u00e4men i \u00f6gon och p\u00e5 l\u00e4ppar. Make up och solskyddsfaktor kan l\u00e4ggas p\u00e5 efter att man anv\u00e4nt kr\u00e4men.<\/p>\n","protected":false},"featured_media":230,"comment_status":"closed","ping_status":"closed","template":"","meta":[],"product_cat":[12],"product_tag":[],"_links":{"self":[{"href":"http:\/\/www.baadholm.com\/index.php?rest_route=\/wp\/v2\/product\/204"}],"collection":[{"href":"http:\/\/www.baadholm.com\/index.php?rest_route=\/wp\/v2\/product"}],"about":[{"href":"http:\/\/www.baadholm.com\/index.php?rest_route=\/wp\/v2\/types\/product"}],"replies":[{"embeddable":true,"href":"http:\/\/www.baadholm.com\/index.php?rest_route=%2Fwp%2Fv2%2Fcomments&post=204"}],"wp:featuredmedia":[{"embeddable":true,"href":"http:\/\/www.baadholm.com\/index.php?rest_route=\/wp\/v2\/media\/230"}],"wp:attachment":[{"href":"http:\/\/www.baadholm.com\/index.php?rest_route=%2Fwp%2Fv2%2Fmedia&parent=204"}],"wp:term":[{"taxonomy":"product_cat","embeddable":true,"href":"http:\/\/www.baadholm.com\/index.php?rest_route=%2Fwp%2Fv2%2Fproduct_cat&post=204"},{"taxonomy":"product_tag","embeddable":true,"href":"http:\/\/www.baadholm.com\/index.php?rest_route=%2Fwp%2Fv2%2Fproduct_tag&post=204"}],"curies":[{"name":"wp","href":"https:\/\/api.w.org\/{rel}","templated":true}]}}