{"id":225,"date":"2016-07-28T10:03:24","date_gmt":"2016-07-28T08:03:24","guid":{"rendered":"http:\/\/www.baadholm.com\/?post_type=product&#038;p=225"},"modified":"2016-09-29T06:56:07","modified_gmt":"2016-09-29T04:56:07","slug":"shoe-powder-125-g","status":"publish","type":"product","link":"http:\/\/www.baadholm.com\/?product=shoe-powder-125-g","title":{"rendered":"Shoe Powder 125 g"},"content":{"rendered":"<p><strong>Problem:<\/strong> Illaluktande skor<\/p>\n<p><strong>L\u00f6sning:<\/strong> Neat Feat Shoe Powder inneh\u00e5ller ingredienser som eliminerar de bakterier<br \/>\nsom orsakar lukten. Behandlingen tar 7-10 dagar och ger luktfria skor under en l\u00e5ng period.<br \/>\nNeat Feat Shoe Powder inneh\u00e5ller ocks\u00e5 antimykotiska ingredienser som f\u00f6rhindrar sm\u00e4rre fotinfektioner.<\/p>\n","protected":false},"excerpt":{"rendered":"<p>Problem: Illaluktande skor L\u00f6sning: Neat Feat Shoe Powder inneh\u00e5ller ingredienser som eliminerar de bakterier som orsakar lukten. Behandlingen tar 7-10 dagar och ger luktfria skor under en l\u00e5ng period. Neat Feat Shoe Powder inneh\u00e5ller ocks\u00e5 antimykotiska ingredienser som f\u00f6rhindrar sm\u00e4rre fotinfektioner.<\/p>\n","protected":false},"featured_media":228,"comment_status":"closed","ping_status":"closed","template":"","meta":[],"product_cat":[12],"product_tag":[],"_links":{"self":[{"href":"http:\/\/www.baadholm.com\/index.php?rest_route=\/wp\/v2\/product\/225"}],"collection":[{"href":"http:\/\/www.baadholm.com\/index.php?rest_route=\/wp\/v2\/product"}],"about":[{"href":"http:\/\/www.baadholm.com\/index.php?rest_route=\/wp\/v2\/types\/product"}],"replies":[{"embeddable":true,"href":"http:\/\/www.baadholm.com\/index.php?rest_route=%2Fwp%2Fv2%2Fcomments&post=225"}],"wp:featuredmedia":[{"embeddable":true,"href":"http:\/\/www.baadholm.com\/index.php?rest_route=\/wp\/v2\/media\/228"}],"wp:attachment":[{"href":"http:\/\/www.baadholm.com\/index.php?rest_route=%2Fwp%2Fv2%2Fmedia&parent=225"}],"wp:term":[{"taxonomy":"product_cat","embeddable":true,"href":"http:\/\/www.baadholm.com\/index.php?rest_route=%2Fwp%2Fv2%2Fproduct_cat&post=225"},{"taxonomy":"product_tag","embeddable":true,"href":"http:\/\/www.baadholm.com\/index.php?rest_route=%2Fwp%2Fv2%2Fproduct_tag&post=225"}],"curies":[{"name":"wp","href":"https:\/\/api.w.org\/{rel}","templated":true}]}}