{"id":236,"date":"2016-07-28T18:16:00","date_gmt":"2016-07-28T16:16:00","guid":{"rendered":"http:\/\/www.baadholm.com\/?product=3b-aktion-cream-100-g"},"modified":"2024-08-10T09:57:35","modified_gmt":"2024-08-10T07:57:35","slug":"3b-aktion-cream-100-g","status":"publish","type":"product","link":"http:\/\/www.baadholm.com\/?product=3b-aktion-cream-100-g","title":{"rendered":"3B Aktion cream 100 g"},"content":{"rendered":"<p><strong>Problem:<\/strong> Svettutslag och skavs\u00e5r.<\/p>\n<p><strong>L\u00f6sning:<\/strong> 3B Action Cream f\u00f6rhindrar svettutslag och skavs\u00e5r mellan br\u00f6st,<br \/>\nskinkor och l\u00e5r genom att f\u00f6r\u00e4ndra den milj\u00f6 som skapar friktionen. F\u00f6r det f\u00f6rsta<br \/>\navl\u00e4gsnar den all fukt i det angripna omr\u00e5det och f\u00f6r det andra har den en mjukg\u00f6rande<br \/>\nbas som hj\u00e4lper till att lindra det p\u00e5verkade omr\u00e5det medan den ocks\u00e5 fungerar som sm\u00f6rjmedel.<\/p>\n","protected":false},"excerpt":{"rendered":"<p>Problem: Svettutslag och skavs\u00e5r. L\u00f6sning: 3B Action Cream f\u00f6rhindrar svettutslag och skavs\u00e5r mellan br\u00f6st, skinkor och l\u00e5r genom att f\u00f6r\u00e4ndra den milj\u00f6 som skapar friktionen. F\u00f6r det f\u00f6rsta avl\u00e4gsnar den all fukt i det angripna omr\u00e5det och f\u00f6r det andra har den en mjukg\u00f6rande bas som hj\u00e4lper till att lindra det p\u00e5verkade omr\u00e5det medan den [&hellip;]<\/p>\n","protected":false},"featured_media":237,"comment_status":"closed","ping_status":"closed","template":"","meta":[],"product_cat":[12],"product_tag":[],"_links":{"self":[{"href":"http:\/\/www.baadholm.com\/index.php?rest_route=\/wp\/v2\/product\/236"}],"collection":[{"href":"http:\/\/www.baadholm.com\/index.php?rest_route=\/wp\/v2\/product"}],"about":[{"href":"http:\/\/www.baadholm.com\/index.php?rest_route=\/wp\/v2\/types\/product"}],"replies":[{"embeddable":true,"href":"http:\/\/www.baadholm.com\/index.php?rest_route=%2Fwp%2Fv2%2Fcomments&post=236"}],"wp:featuredmedia":[{"embeddable":true,"href":"http:\/\/www.baadholm.com\/index.php?rest_route=\/wp\/v2\/media\/237"}],"wp:attachment":[{"href":"http:\/\/www.baadholm.com\/index.php?rest_route=%2Fwp%2Fv2%2Fmedia&parent=236"}],"wp:term":[{"taxonomy":"product_cat","embeddable":true,"href":"http:\/\/www.baadholm.com\/index.php?rest_route=%2Fwp%2Fv2%2Fproduct_cat&post=236"},{"taxonomy":"product_tag","embeddable":true,"href":"http:\/\/www.baadholm.com\/index.php?rest_route=%2Fwp%2Fv2%2Fproduct_tag&post=236"}],"curies":[{"name":"wp","href":"https:\/\/api.w.org\/{rel}","templated":true}]}}