{"id":238,"date":"2016-07-28T18:39:37","date_gmt":"2016-07-28T16:39:37","guid":{"rendered":"http:\/\/www.baadholm.com\/?post_type=product&#038;p=238"},"modified":"2016-09-29T06:48:56","modified_gmt":"2016-09-29T04:48:56","slug":"foot-scrub-soap","status":"publish","type":"product","link":"http:\/\/www.baadholm.com\/?product=foot-scrub-soap","title":{"rendered":"Foot Scrub Soap"},"content":{"rendered":"<p><strong>Problem:<\/strong> Ingrodd smuts och\/eller f\u00f6rh\u00e5rdnad hud p\u00e5 f\u00f6tterna<\/p>\n<p><strong>L\u00f6sning:<\/strong> Neat Feat Foot scrub tv\u00e5l avl\u00e4gsnar ingrodd smuts och h\u00e5rd, d\u00f6d hud.<br \/>\nDen framst\u00e4lls i Nya Zeeland och inneh\u00e5ller fr\u00f6n fr\u00e5n kiwifrukten och krossade valn\u00f6tter vilket<br \/>\nger en energigivande scrub. Denna exfolierande tv\u00e5l g\u00f6r dina f\u00f6tter rena och mjuka.<\/p>\n","protected":false},"excerpt":{"rendered":"<p>Problem: Ingrodd smuts och\/eller f\u00f6rh\u00e5rdnad hud p\u00e5 f\u00f6tterna L\u00f6sning: Neat Feat Foot scrub tv\u00e5l avl\u00e4gsnar ingrodd smuts och h\u00e5rd, d\u00f6d hud. Den framst\u00e4lls i Nya Zeeland och inneh\u00e5ller fr\u00f6n fr\u00e5n kiwifrukten och krossade valn\u00f6tter vilket ger en energigivande scrub. Denna exfolierande tv\u00e5l g\u00f6r dina f\u00f6tter rena och mjuka.<\/p>\n","protected":false},"featured_media":239,"comment_status":"closed","ping_status":"closed","template":"","meta":[],"product_cat":[24],"product_tag":[],"_links":{"self":[{"href":"http:\/\/www.baadholm.com\/index.php?rest_route=\/wp\/v2\/product\/238"}],"collection":[{"href":"http:\/\/www.baadholm.com\/index.php?rest_route=\/wp\/v2\/product"}],"about":[{"href":"http:\/\/www.baadholm.com\/index.php?rest_route=\/wp\/v2\/types\/product"}],"replies":[{"embeddable":true,"href":"http:\/\/www.baadholm.com\/index.php?rest_route=%2Fwp%2Fv2%2Fcomments&post=238"}],"wp:featuredmedia":[{"embeddable":true,"href":"http:\/\/www.baadholm.com\/index.php?rest_route=\/wp\/v2\/media\/239"}],"wp:attachment":[{"href":"http:\/\/www.baadholm.com\/index.php?rest_route=%2Fwp%2Fv2%2Fmedia&parent=238"}],"wp:term":[{"taxonomy":"product_cat","embeddable":true,"href":"http:\/\/www.baadholm.com\/index.php?rest_route=%2Fwp%2Fv2%2Fproduct_cat&post=238"},{"taxonomy":"product_tag","embeddable":true,"href":"http:\/\/www.baadholm.com\/index.php?rest_route=%2Fwp%2Fv2%2Fproduct_tag&post=238"}],"curies":[{"name":"wp","href":"https:\/\/api.w.org\/{rel}","templated":true}]}}