{"id":245,"date":"2016-07-29T07:53:15","date_gmt":"2016-07-29T05:53:15","guid":{"rendered":"http:\/\/www.baadholm.com\/?post_type=product&#038;p=245"},"modified":"2016-09-29T06:53:48","modified_gmt":"2016-09-29T04:53:48","slug":"shoe-deodorizer-125-ml","status":"publish","type":"product","link":"http:\/\/www.baadholm.com\/?product=shoe-deodorizer-125-ml","title":{"rendered":"Shoe Deodorizer 125 ml"},"content":{"rendered":"<p><strong>Problem:<\/strong> Illaluktande skor<\/p>\n<p><strong>L\u00f6sning:<\/strong> Neat Feat Shoe Deodorizer 125 ml inneh\u00e5ller en antibakteriell ingrediens<br \/>\nsom f\u00f6rst\u00f6r lukten. Detta f\u00f6rl\u00e4nger ocks\u00e5 skornas livsl\u00e4ngd. Neat Feat Shoe Deodorizer \u00e4r perfekt i<br \/>\n\u00f6ppna skor eller n\u00e4r puder \u00e4r f\u00f6r kladdigt att anv\u00e4nda. Produkten kan anv\u00e4ndas av alla \u00e5ldersgrupper.<br \/>\nF\u00f6r b\u00e4sta resultat sprayas skorna p\u00e5 kv\u00e4llen och st\u00e4lls varmt under natten. Produkten b\u00f6r anv\u00e4ndas i<br \/>\nkombination med Neat Feat Foot Powder, Neat Feat Cool Foot Spray eller Neat Feat Roll-on fotdeodorant.<\/p>\n","protected":false},"excerpt":{"rendered":"<p>Problem: Illaluktande skor L\u00f6sning: Neat Feat Shoe Deodorizer 125 ml inneh\u00e5ller en antibakteriell ingrediens som f\u00f6rst\u00f6r lukten. Detta f\u00f6rl\u00e4nger ocks\u00e5 skornas livsl\u00e4ngd. Neat Feat Shoe Deodorizer \u00e4r perfekt i \u00f6ppna skor eller n\u00e4r puder \u00e4r f\u00f6r kladdigt att anv\u00e4nda. Produkten kan anv\u00e4ndas av alla \u00e5ldersgrupper. F\u00f6r b\u00e4sta resultat sprayas skorna p\u00e5 kv\u00e4llen och st\u00e4lls varmt [&hellip;]<\/p>\n","protected":false},"featured_media":242,"comment_status":"closed","ping_status":"closed","template":"","meta":[],"product_cat":[24],"product_tag":[],"_links":{"self":[{"href":"http:\/\/www.baadholm.com\/index.php?rest_route=\/wp\/v2\/product\/245"}],"collection":[{"href":"http:\/\/www.baadholm.com\/index.php?rest_route=\/wp\/v2\/product"}],"about":[{"href":"http:\/\/www.baadholm.com\/index.php?rest_route=\/wp\/v2\/types\/product"}],"replies":[{"embeddable":true,"href":"http:\/\/www.baadholm.com\/index.php?rest_route=%2Fwp%2Fv2%2Fcomments&post=245"}],"wp:featuredmedia":[{"embeddable":true,"href":"http:\/\/www.baadholm.com\/index.php?rest_route=\/wp\/v2\/media\/242"}],"wp:attachment":[{"href":"http:\/\/www.baadholm.com\/index.php?rest_route=%2Fwp%2Fv2%2Fmedia&parent=245"}],"wp:term":[{"taxonomy":"product_cat","embeddable":true,"href":"http:\/\/www.baadholm.com\/index.php?rest_route=%2Fwp%2Fv2%2Fproduct_cat&post=245"},{"taxonomy":"product_tag","embeddable":true,"href":"http:\/\/www.baadholm.com\/index.php?rest_route=%2Fwp%2Fv2%2Fproduct_tag&post=245"}],"curies":[{"name":"wp","href":"https:\/\/api.w.org\/{rel}","templated":true}]}}