{"id":246,"date":"2016-07-29T07:54:22","date_gmt":"2016-07-29T05:54:22","guid":{"rendered":"http:\/\/www.baadholm.com\/?post_type=product&#038;p=246"},"modified":"2016-09-29T06:52:58","modified_gmt":"2016-09-29T04:52:58","slug":"cool-foot-spray-125-ml","status":"publish","type":"product","link":"http:\/\/www.baadholm.com\/?product=cool-foot-spray-125-ml","title":{"rendered":"Cool Foot Spray 125 ml"},"content":{"rendered":"<p><strong>Problem:<\/strong> Tr\u00f6tta, varma eller svettiga f\u00f6tter.<\/p>\n<p><strong>L\u00f6sning:<\/strong> Neat Feat Cool Foot Spray inneh\u00e5ller alkohol och mentol f\u00f6r att ge<br \/>\ntr\u00f6tta varma f\u00f6tter energi och g\u00f6ra dem svala och fr\u00e4scha. Den inneh\u00e5ller ocks\u00e5 antiperspirant<br \/>\noch deodorant f\u00f6r att f\u00f6rhindra f\u00f6tterna fr\u00e5n att svettas och f\u00f6r att avl\u00e4gsna eventuell<br \/>\nlukt efter en l\u00e5ng arbetsdag eller efter lek.Ger omedelbar lindring och kan anv\u00e4ndas<br \/>\nhur ofta som helst.<\/p>\n","protected":false},"excerpt":{"rendered":"<p>Problem: Tr\u00f6tta, varma eller svettiga f\u00f6tter. L\u00f6sning: Neat Feat Cool Foot Spray inneh\u00e5ller alkohol och mentol f\u00f6r att ge tr\u00f6tta varma f\u00f6tter energi och g\u00f6ra dem svala och fr\u00e4scha. Den inneh\u00e5ller ocks\u00e5 antiperspirant och deodorant f\u00f6r att f\u00f6rhindra f\u00f6tterna fr\u00e5n att svettas och f\u00f6r att avl\u00e4gsna eventuell lukt efter en l\u00e5ng arbetsdag eller efter lek.Ger [&hellip;]<\/p>\n","protected":false},"featured_media":244,"comment_status":"closed","ping_status":"closed","template":"","meta":[],"product_cat":[12],"product_tag":[],"_links":{"self":[{"href":"http:\/\/www.baadholm.com\/index.php?rest_route=\/wp\/v2\/product\/246"}],"collection":[{"href":"http:\/\/www.baadholm.com\/index.php?rest_route=\/wp\/v2\/product"}],"about":[{"href":"http:\/\/www.baadholm.com\/index.php?rest_route=\/wp\/v2\/types\/product"}],"replies":[{"embeddable":true,"href":"http:\/\/www.baadholm.com\/index.php?rest_route=%2Fwp%2Fv2%2Fcomments&post=246"}],"wp:featuredmedia":[{"embeddable":true,"href":"http:\/\/www.baadholm.com\/index.php?rest_route=\/wp\/v2\/media\/244"}],"wp:attachment":[{"href":"http:\/\/www.baadholm.com\/index.php?rest_route=%2Fwp%2Fv2%2Fmedia&parent=246"}],"wp:term":[{"taxonomy":"product_cat","embeddable":true,"href":"http:\/\/www.baadholm.com\/index.php?rest_route=%2Fwp%2Fv2%2Fproduct_cat&post=246"},{"taxonomy":"product_tag","embeddable":true,"href":"http:\/\/www.baadholm.com\/index.php?rest_route=%2Fwp%2Fv2%2Fproduct_tag&post=246"}],"curies":[{"name":"wp","href":"https:\/\/api.w.org\/{rel}","templated":true}]}}