{"id":252,"date":"2016-07-31T18:32:11","date_gmt":"2016-07-31T16:32:11","guid":{"rendered":"http:\/\/www.baadholm.com\/?post_type=product&#038;p=252"},"modified":"2016-09-28T17:33:11","modified_gmt":"2016-09-28T15:33:11","slug":"neat-hand-touch","status":"publish","type":"product","link":"http:\/\/www.baadholm.com\/?product=neat-hand-touch","title":{"rendered":"Neat Hand Touch"},"content":{"rendered":"<p><strong>Problem:<\/strong> Onormal handsvett.<br \/>\n<strong>L\u00f6sning:<\/strong> Svettiga h\u00e4nder \u00e4r ett problem f\u00f6r m\u00e5nga m\u00e4nniskor idag. Neat Touch f\u00f6rhindrar handflatan fr\u00e5n att bli \u00f6verdrivet svettig.<br \/>\nNeat Touch f\u00f6rhindrar \u00e4ven huden fr\u00e5n att bli torrt och sprucken. Neat Touch \u00e4r ocks\u00e5 speciellt l\u00e4mpligt f\u00f6r tennis, golf, bowlare<br \/>\neller andra liknande sportut\u00f6vare. Effekten best\u00e5r i flera timmar.<\/p>\n","protected":false},"excerpt":{"rendered":"<p>Problem: Onormal handsvett. L\u00f6sning: Svettiga h\u00e4nder \u00e4r ett problem f\u00f6r m\u00e5nga m\u00e4nniskor idag. Neat Touch f\u00f6rhindrar handflatan fr\u00e5n att bli \u00f6verdrivet svettig. Neat Touch f\u00f6rhindrar \u00e4ven huden fr\u00e5n att bli torrt och sprucken. Neat Touch \u00e4r ocks\u00e5 speciellt l\u00e4mpligt f\u00f6r tennis, golf, bowlare eller andra liknande sportut\u00f6vare. Effekten best\u00e5r i flera timmar.<\/p>\n","protected":false},"featured_media":253,"comment_status":"closed","ping_status":"closed","template":"","meta":[],"product_cat":[12],"product_tag":[],"_links":{"self":[{"href":"http:\/\/www.baadholm.com\/index.php?rest_route=\/wp\/v2\/product\/252"}],"collection":[{"href":"http:\/\/www.baadholm.com\/index.php?rest_route=\/wp\/v2\/product"}],"about":[{"href":"http:\/\/www.baadholm.com\/index.php?rest_route=\/wp\/v2\/types\/product"}],"replies":[{"embeddable":true,"href":"http:\/\/www.baadholm.com\/index.php?rest_route=%2Fwp%2Fv2%2Fcomments&post=252"}],"wp:featuredmedia":[{"embeddable":true,"href":"http:\/\/www.baadholm.com\/index.php?rest_route=\/wp\/v2\/media\/253"}],"wp:attachment":[{"href":"http:\/\/www.baadholm.com\/index.php?rest_route=%2Fwp%2Fv2%2Fmedia&parent=252"}],"wp:term":[{"taxonomy":"product_cat","embeddable":true,"href":"http:\/\/www.baadholm.com\/index.php?rest_route=%2Fwp%2Fv2%2Fproduct_cat&post=252"},{"taxonomy":"product_tag","embeddable":true,"href":"http:\/\/www.baadholm.com\/index.php?rest_route=%2Fwp%2Fv2%2Fproduct_tag&post=252"}],"curies":[{"name":"wp","href":"https:\/\/api.w.org\/{rel}","templated":true}]}}