{"id":291,"date":"2016-09-28T18:09:31","date_gmt":"2016-09-28T16:09:31","guid":{"rendered":"http:\/\/www.baadholm.com\/?post_type=product&#038;p=291"},"modified":"2016-09-29T06:59:02","modified_gmt":"2016-09-29T04:59:02","slug":"energy-massage-gel-insole","status":"publish","type":"product","link":"http:\/\/www.baadholm.com\/?product=energy-massage-gel-insole","title":{"rendered":"Energy Massage Gel Insole"},"content":{"rendered":"<p><strong>Problem:<\/strong> H\u00e4lsporre och sm\u00e4rta n\u00e4r du s\u00e4tter ner h\u00e4len.<\/p>\n<p><strong>L\u00f6sning:<\/strong> Energy Massage Gel Insole \u00e4r en h\u00f6g st\u00f6td\u00e4mpande full\u00e4ngds sula Ultra-Gel \u2122 som ger komfort och d\u00e4mpning hela dagen.<br \/>\nF\u00f6tterna masseras vid varje steg. Sulan ger st\u00f6d och hj\u00e4lper till att lindra h\u00e4lsporre och d\u00e4mpar sm\u00e4rta vi h\u00e4lis\u00e4ttning och<br \/>\nfr\u00e4mjar blodcirkulation. F\u00f6rdelar din kroppsvikt j\u00e4mnt \u00f6ver f\u00f6tterna. Lindrar stress fr\u00e5n ryggrad, kn\u00e4n, fotleder och f\u00f6tter.<\/p>\n","protected":false},"excerpt":{"rendered":"<p>Problem: H\u00e4lsporre och sm\u00e4rta n\u00e4r du s\u00e4tter ner h\u00e4len. L\u00f6sning: Energy Massage Gel Insole \u00e4r en h\u00f6g st\u00f6td\u00e4mpande full\u00e4ngds sula Ultra-Gel \u2122 som ger komfort och d\u00e4mpning hela dagen. F\u00f6tterna masseras vid varje steg. Sulan ger st\u00f6d och hj\u00e4lper till att lindra h\u00e4lsporre och d\u00e4mpar sm\u00e4rta vi h\u00e4lis\u00e4ttning och fr\u00e4mjar blodcirkulation. F\u00f6rdelar din kroppsvikt j\u00e4mnt [&hellip;]<\/p>\n","protected":false},"featured_media":294,"comment_status":"closed","ping_status":"closed","template":"","meta":[],"product_cat":[14],"product_tag":[],"_links":{"self":[{"href":"http:\/\/www.baadholm.com\/index.php?rest_route=\/wp\/v2\/product\/291"}],"collection":[{"href":"http:\/\/www.baadholm.com\/index.php?rest_route=\/wp\/v2\/product"}],"about":[{"href":"http:\/\/www.baadholm.com\/index.php?rest_route=\/wp\/v2\/types\/product"}],"replies":[{"embeddable":true,"href":"http:\/\/www.baadholm.com\/index.php?rest_route=%2Fwp%2Fv2%2Fcomments&post=291"}],"wp:featuredmedia":[{"embeddable":true,"href":"http:\/\/www.baadholm.com\/index.php?rest_route=\/wp\/v2\/media\/294"}],"wp:attachment":[{"href":"http:\/\/www.baadholm.com\/index.php?rest_route=%2Fwp%2Fv2%2Fmedia&parent=291"}],"wp:term":[{"taxonomy":"product_cat","embeddable":true,"href":"http:\/\/www.baadholm.com\/index.php?rest_route=%2Fwp%2Fv2%2Fproduct_cat&post=291"},{"taxonomy":"product_tag","embeddable":true,"href":"http:\/\/www.baadholm.com\/index.php?rest_route=%2Fwp%2Fv2%2Fproduct_tag&post=291"}],"curies":[{"name":"wp","href":"https:\/\/api.w.org\/{rel}","templated":true}]}}