{"id":299,"date":"2016-09-28T18:39:03","date_gmt":"2016-09-28T16:39:03","guid":{"rendered":"http:\/\/www.baadholm.com\/?post_type=product&#038;p=299"},"modified":"2016-09-29T07:01:06","modified_gmt":"2016-09-29T05:01:06","slug":"neat-feat-gel-toe-separators-one-size","status":"publish","type":"product","link":"http:\/\/www.baadholm.com\/?product=neat-feat-gel-toe-separators-one-size","title":{"rendered":"Gel Toe Separators One size"},"content":{"rendered":"<p><strong>Problem:<\/strong> Krokiga t\u00e5r och t\u00e5r som ligger mot varandra.<\/p>\n<p><strong>L\u00f6sning:<\/strong> Neat Feat Gel Toe Separators \u00e4r utformade att sprida krokiga t\u00e5r som \u00f6verlappar varandra. Produkten<br \/>\nminskar friktionen och irritationen mellan t\u00e5rna och hindrar uppkomsten av liktornar, f\u00f6rh\u00e5rdnader och bl\u00e5sor.<br \/>\nProdukten \u00e4r allergitestad och \u00e5teranv\u00e4ndningsbar. Den \u00e4r tillverkad av h\u00f6gkvalitativt polymergel med<br \/>\nmineraloljor som sm\u00f6rjer huden.<\/p>\n","protected":false},"excerpt":{"rendered":"<p>Problem: Krokiga t\u00e5r och t\u00e5r som ligger mot varandra. L\u00f6sning: Neat Feat Gel Toe Separators \u00e4r utformade att sprida krokiga t\u00e5r som \u00f6verlappar varandra. Produkten minskar friktionen och irritationen mellan t\u00e5rna och hindrar uppkomsten av liktornar, f\u00f6rh\u00e5rdnader och bl\u00e5sor. Produkten \u00e4r allergitestad och \u00e5teranv\u00e4ndningsbar. Den \u00e4r tillverkad av h\u00f6gkvalitativt polymergel med mineraloljor som sm\u00f6rjer huden.<\/p>\n","protected":false},"featured_media":298,"comment_status":"closed","ping_status":"closed","template":"","meta":[],"product_cat":[9],"product_tag":[],"_links":{"self":[{"href":"http:\/\/www.baadholm.com\/index.php?rest_route=\/wp\/v2\/product\/299"}],"collection":[{"href":"http:\/\/www.baadholm.com\/index.php?rest_route=\/wp\/v2\/product"}],"about":[{"href":"http:\/\/www.baadholm.com\/index.php?rest_route=\/wp\/v2\/types\/product"}],"replies":[{"embeddable":true,"href":"http:\/\/www.baadholm.com\/index.php?rest_route=%2Fwp%2Fv2%2Fcomments&post=299"}],"wp:featuredmedia":[{"embeddable":true,"href":"http:\/\/www.baadholm.com\/index.php?rest_route=\/wp\/v2\/media\/298"}],"wp:attachment":[{"href":"http:\/\/www.baadholm.com\/index.php?rest_route=%2Fwp%2Fv2%2Fmedia&parent=299"}],"wp:term":[{"taxonomy":"product_cat","embeddable":true,"href":"http:\/\/www.baadholm.com\/index.php?rest_route=%2Fwp%2Fv2%2Fproduct_cat&post=299"},{"taxonomy":"product_tag","embeddable":true,"href":"http:\/\/www.baadholm.com\/index.php?rest_route=%2Fwp%2Fv2%2Fproduct_tag&post=299"}],"curies":[{"name":"wp","href":"https:\/\/api.w.org\/{rel}","templated":true}]}}