{"id":300,"date":"2016-09-28T19:44:06","date_gmt":"2016-09-28T17:44:06","guid":{"rendered":"http:\/\/www.baadholm.com\/?post_type=product&#038;p=300"},"modified":"2016-09-29T07:01:59","modified_gmt":"2016-09-29T05:01:59","slug":"neat-feat-gel-tech-heel-cushion","status":"publish","type":"product","link":"http:\/\/www.baadholm.com\/?product=neat-feat-gel-tech-heel-cushion","title":{"rendered":"Gel-Tech Heel Cusion"},"content":{"rendered":"<p><strong>Problem:<\/strong> Sm\u00e4rta i h\u00e4len.<\/p>\n<p><strong>L\u00f6sning:<\/strong> Neat Feat Gel Heel Cushion skyddar h\u00e4len mot st\u00f6tar och on\u00f6digt slitage. Ett perfekt skydd f\u00f6r den h\u00e5rt<br \/>\narbetande foten. Sulan \u00e4r utformad av h\u00f6gkvalitativt gel som inte tar upp lukt. Den kan tv\u00e4ttas dagligen med tv\u00e5l<br \/>\noch vatten samtidigt som den beh\u00e5ller sin effektiva funktion. Sulan \u00e4r tunn, och passar d\u00e4rf\u00f6r \u00e4ven i en<br \/>\ntr\u00e4ngre sko. Gel Heel Cushions har en sj\u00e4lvh\u00e4ftande undersida som h\u00e5ller sulan v\u00e4l p\u00e5 plats. Ett utm\u00e4rkt val<br \/>\nf\u00f6r dig som vill g\u00e5 lite l\u00e4ngre \u00e4n alla andra.<\/p>\n","protected":false},"excerpt":{"rendered":"<p>Problem: Sm\u00e4rta i h\u00e4len. L\u00f6sning: Neat Feat Gel Heel Cushion skyddar h\u00e4len mot st\u00f6tar och on\u00f6digt slitage. Ett perfekt skydd f\u00f6r den h\u00e5rt arbetande foten. Sulan \u00e4r utformad av h\u00f6gkvalitativt gel som inte tar upp lukt. Den kan tv\u00e4ttas dagligen med tv\u00e5l och vatten samtidigt som den beh\u00e5ller sin effektiva funktion. Sulan \u00e4r tunn, och [&hellip;]<\/p>\n","protected":false},"featured_media":301,"comment_status":"closed","ping_status":"closed","template":"","meta":[],"product_cat":[9],"product_tag":[],"_links":{"self":[{"href":"http:\/\/www.baadholm.com\/index.php?rest_route=\/wp\/v2\/product\/300"}],"collection":[{"href":"http:\/\/www.baadholm.com\/index.php?rest_route=\/wp\/v2\/product"}],"about":[{"href":"http:\/\/www.baadholm.com\/index.php?rest_route=\/wp\/v2\/types\/product"}],"replies":[{"embeddable":true,"href":"http:\/\/www.baadholm.com\/index.php?rest_route=%2Fwp%2Fv2%2Fcomments&post=300"}],"wp:featuredmedia":[{"embeddable":true,"href":"http:\/\/www.baadholm.com\/index.php?rest_route=\/wp\/v2\/media\/301"}],"wp:attachment":[{"href":"http:\/\/www.baadholm.com\/index.php?rest_route=%2Fwp%2Fv2%2Fmedia&parent=300"}],"wp:term":[{"taxonomy":"product_cat","embeddable":true,"href":"http:\/\/www.baadholm.com\/index.php?rest_route=%2Fwp%2Fv2%2Fproduct_cat&post=300"},{"taxonomy":"product_tag","embeddable":true,"href":"http:\/\/www.baadholm.com\/index.php?rest_route=%2Fwp%2Fv2%2Fproduct_tag&post=300"}],"curies":[{"name":"wp","href":"https:\/\/api.w.org\/{rel}","templated":true}]}}