{"id":16,"date":"2011-10-21T10:36:30","date_gmt":"2011-10-21T08:36:30","guid":{"rendered":"http:\/\/www.baadholm.com\/?page_id=16"},"modified":"2020-03-28T08:10:57","modified_gmt":"2020-03-28T07:10:57","slug":"our-partners","status":"publish","type":"page","link":"https:\/\/www.baadholm.com\/?page_id=16","title":{"rendered":"V\u00e5ra partners"},"content":{"rendered":"<p>F\u00f6r att distribuera v\u00e5ra produkter anv\u00e4nder vi oss av \u00e5terf\u00f6rs\u00e4ljare och butiker. Vi s\u00f6ker st\u00e4ndigt nya kanaler f\u00f6r att distribuera v\u00e5ra produkter. Alla som k\u00e4nner att v\u00e5ra produkter passar i ert sortiment in \u00e4r v\u00e4lkomna att kontakta oss.<\/p>\n<p>&nbsp;<\/p>\n","protected":false},"excerpt":{"rendered":"<p>F\u00f6r att distribuera v\u00e5ra produkter anv\u00e4nder vi oss av \u00e5terf\u00f6rs\u00e4ljare och butiker. Vi s\u00f6ker st\u00e4ndigt nya kanaler f\u00f6r att distribuera v\u00e5ra produkter. Alla som k\u00e4nner att v\u00e5ra produkter passar i ert sortiment in \u00e4r v\u00e4lkomna att kontakta oss. &nbsp;<\/p>\n","protected":false},"author":1,"featured_media":0,"parent":0,"menu_order":0,"comment_status":"open","ping_status":"closed","template":"","meta":[],"_links":{"self":[{"href":"https:\/\/www.baadholm.com\/index.php?rest_route=\/wp\/v2\/pages\/16"}],"collection":[{"href":"https:\/\/www.baadholm.com\/index.php?rest_route=\/wp\/v2\/pages"}],"about":[{"href":"https:\/\/www.baadholm.com\/index.php?rest_route=\/wp\/v2\/types\/page"}],"author":[{"embeddable":true,"href":"https:\/\/www.baadholm.com\/index.php?rest_route=\/wp\/v2\/users\/1"}],"replies":[{"embeddable":true,"href":"https:\/\/www.baadholm.com\/index.php?rest_route=%2Fwp%2Fv2%2Fcomments&post=16"}],"version-history":[{"count":10,"href":"https:\/\/www.baadholm.com\/index.php?rest_route=\/wp\/v2\/pages\/16\/revisions"}],"predecessor-version":[{"id":405,"href":"https:\/\/www.baadholm.com\/index.php?rest_route=\/wp\/v2\/pages\/16\/revisions\/405"}],"wp:attachment":[{"href":"https:\/\/www.baadholm.com\/index.php?rest_route=%2Fwp%2Fv2%2Fmedia&parent=16"}],"curies":[{"name":"wp","href":"https:\/\/api.w.org\/{rel}","templated":true}]}}