{"id":343,"date":"2018-02-24T11:40:55","date_gmt":"2018-02-24T10:40:55","guid":{"rendered":"http:\/\/www.baadholm.com\/?page_id=343"},"modified":"2020-03-28T08:16:38","modified_gmt":"2020-03-28T07:16:38","slug":"home","status":"publish","type":"page","link":"https:\/\/www.baadholm.com\/","title":{"rendered":"Baadholm Commerce AB"},"content":{"rendered":"<p>V\u00e4lkommen till Baadholm Commerce AB.<\/p>\n<p>Vi marknadsf\u00f6r produkter, fr\u00e4mst, f\u00f6r att du skall f\u00e5 v\u00e4lm\u00e5ende f\u00f6tter. Framf\u00f6rallt om du beh\u00f6ver hj\u00e4lp med att f\u00e5 ordning p\u00e5 sprickor i h\u00e4lar och t\u00e5r. Lider du av svettning p\u00e5 f\u00f6tter, h\u00e4nder och kropp finner du produkter som hj\u00e4lper dig.<\/p>\n<p>Produkter kan du best\u00e4lla i v\u00e5r webbutik.<\/p>\n<p>Har ni fr\u00e5gor s\u00e5 \u00e4r ni v\u00e4lkomna att h\u00f6ra av er p\u00e5 mail.<\/p>\n","protected":false},"excerpt":{"rendered":"<p>V\u00e4lkommen till Baadholm Commerce AB. Vi marknadsf\u00f6r produkter, fr\u00e4mst, f\u00f6r att du skall f\u00e5 v\u00e4lm\u00e5ende f\u00f6tter. Framf\u00f6rallt om du beh\u00f6ver hj\u00e4lp med att f\u00e5 ordning p\u00e5 sprickor i h\u00e4lar och t\u00e5r. Lider du av svettning p\u00e5 f\u00f6tter, h\u00e4nder och kropp finner du produkter som hj\u00e4lper dig. Produkter kan du best\u00e4lla i v\u00e5r webbutik. Har ni [&hellip;]<\/p>\n","protected":false},"author":1,"featured_media":229,"parent":0,"menu_order":0,"comment_status":"closed","ping_status":"closed","template":"","meta":[],"_links":{"self":[{"href":"https:\/\/www.baadholm.com\/index.php?rest_route=\/wp\/v2\/pages\/343"}],"collection":[{"href":"https:\/\/www.baadholm.com\/index.php?rest_route=\/wp\/v2\/pages"}],"about":[{"href":"https:\/\/www.baadholm.com\/index.php?rest_route=\/wp\/v2\/types\/page"}],"author":[{"embeddable":true,"href":"https:\/\/www.baadholm.com\/index.php?rest_route=\/wp\/v2\/users\/1"}],"replies":[{"embeddable":true,"href":"https:\/\/www.baadholm.com\/index.php?rest_route=%2Fwp%2Fv2%2Fcomments&post=343"}],"version-history":[{"count":5,"href":"https:\/\/www.baadholm.com\/index.php?rest_route=\/wp\/v2\/pages\/343\/revisions"}],"predecessor-version":[{"id":407,"href":"https:\/\/www.baadholm.com\/index.php?rest_route=\/wp\/v2\/pages\/343\/revisions\/407"}],"wp:featuredmedia":[{"embeddable":true,"href":"https:\/\/www.baadholm.com\/index.php?rest_route=\/wp\/v2\/media\/229"}],"wp:attachment":[{"href":"https:\/\/www.baadholm.com\/index.php?rest_route=%2Fwp%2Fv2%2Fmedia&parent=343"}],"curies":[{"name":"wp","href":"https:\/\/api.w.org\/{rel}","templated":true}]}}